{"id":2,"date":"2024-08-30T01:13:19","date_gmt":"2024-08-29T23:13:19","guid":{"rendered":"https:\/\/all-the-products.com\/video\/?page_id=2"},"modified":"2024-08-31T11:48:59","modified_gmt":"2024-08-31T09:48:59","slug":"accueil","status":"publish","type":"page","link":"https:\/\/all-the-products.com\/video\/accueil\/","title":{"rendered":"Azkoyen"},"content":{"rendered":"<figure class=\"wp-block-image is-resized\"><img decoding=\"async\" src=\"https:\/\/encrypted-tbn0.gstatic.com\/images?q=tbn:ANd9GcRIcOOo1Ls_P-oVjh2zwtI97-cHCaxRMOc7XvMEH2fvCWVtViv\" alt=\"\" width=\"500\" \/><\/figure>\n<div style=\"text-align: justify; font-size: 24px; font-family: Arial; padding: 35px; margin: 0px; opacity: 0.9; background-color: rgba(255, 255, 255, 0.9); border-radius: 50px;\">\n<div style=\"background-color: #a91101; text-align: center; border-radius: 15px; border: 5px inset black;\">\n<p>&nbsp;<\/p>\n<h2><span style=\"color: #fff; text-align: center;\">Distributeur Automatique<br \/>\nCaf\u00e9 et Boisson Chaude<\/span><\/h2>\n<p>&nbsp;<\/p>\n<\/div>\n<p class=\"has-medium-font-size\" style=\"text-align: center;\"><span style=\"color: #000;\"><strong>Hotel Restaurant Bureau Soci\u00e9t\u00e9<\/strong><\/span><\/p>\n<div class=\"su-box su-box-style-soft\" id=\"\" style=\"border-color:#cbcccc;border-radius:10px;max-width:none\"><div class=\"su-box-title\" style=\"background-color:#FEFFFF;color:#0000ff;border-top-left-radius:8px;border-top-right-radius:8px\">Distributeur Automatique de Boisson Chaude Azkoyen<\/div><div class=\"su-box-content su-u-clearfix su-u-trim\" style=\"border-bottom-left-radius:8px;border-bottom-right-radius:8px\"><\/p>\n<div class=\"wp-block-media-text alignwide is-stacked-on-mobile\">\n<figure class=\"wp-block-media-text__media\"><strong><span style=\"color: #000000;\"><img loading=\"lazy\" decoding=\"async\" class=\"alignnone wp-image-2852\" src=\"http:\/\/machine-a-cafe.ma\/equipement-cafe-restaurant\/distributeur-automatique-boisson-chaude-cafe\/\" alt=\"Distributeur Automatique de caf\u00e9\" width=\"400\" height=\"400\" \/><\/span><\/strong><\/figure>\n<p><span style=\"color: #000000;\"><strong>Le Distributeur Automatique de caf\u00e9 Parfait<\/strong><\/span><br \/>\n<span style=\"color: #000000;\">Cette gamme a \u00e9t\u00e9 con\u00e7ue pour <strong>faciliter <\/strong>l\u2019exploitation vending en associant \u00e0 la plus <strong>haute autonomie<\/strong> de service, une <strong>grande r\u00e9sistance<\/strong> ainsi qu&rsquo; une <strong>excellente fiabilit\u00e9<\/strong>.<\/span><br \/>\n<span style=\"color: #000000;\">Avec un Design minimaliste, ergonomique et intuitif pour <strong>attirer l\u2019attention des consommateurs<\/strong>, nos distributeurs augmentent les achats impulsifs.<br \/>\n<\/span><br \/>\n<span style=\"color: #000000;\">Pour le consommateur, il s\u2019agit d\u2019une <strong>caf\u00e9t\u00e9ria<\/strong> miniature avec laquelle il peut <strong>savourer en quelques secondes un authentique espresso \u00e0 son go\u00fbt<\/strong>.<\/span><\/p>\n<\/div>\n<h2 style=\"padding: 0px;\"><a href=\"#Prix-distributeur-automatique\"><button class=\"btn1\"> Prix Distributeur Automatique de Caf\u00e9 et Boissons Chaudes<\/button> <\/a><\/h2>\n<\/div>\n<p><\/div><\/div>\n<figure class=\" wp-block-image=\"><img decoding=\"async\" src=\"https:\/\/encrypted-tbn0.gstatic.com\/images?q=tbn:ANd9GcRIcOOo1Ls_P-oVjh2zwtI97-cHCaxRMOc7XvMEH2fvCWVtViv\" alt=\"\" width=\"500\" \/><\/figure>\n<div style=\"text-align: justify; font-size: 24px; font-family: Arial; padding: 35px; margin: 0px; opacity: 0.9; background-color: rgba(255, 255, 255, 0.1); border-radius: 50px;\">\n<div style=\"background-color: #a91101; text-align: center; border-radius: 15px; border: 5px inset black;\">\n<h2><span style=\"color: white;\">Nos Atouts<\/span><\/h2>\n<\/div>\n<div style=\"padding: 5px; margin: 10px; width: 100%; background-color: rgba(255, 255, 255, 1); border-radius: 20px;\">\n<div class=\"su-row\"><div class=\"su-column su-column-size-1-3\"><div class=\"su-column-inner su-u-clearfix su-u-trim\"><div class=\"su-service\"><div class=\"su-service-title\" style=\"padding-left:44px;min-height:30px;line-height:30px\"><img loading=\"lazy\" decoding=\"async\" src=\"http:\/\/xn--machine--caf-59a4k.com\/wp-content\/uploads\/2019\/05\/coche.png\" width=\"30\" height=\"30\" alt=\"Design\" style=\"width:30px;height:30px\" \/> Design<\/div><div class=\"su-service-content su-u-clearfix su-u-trim\" style=\"padding-left:44px\"><\/p>\n<p><\/div><\/div><\/div><\/div><div class=\"su-column su-column-size-1-3\"><div class=\"su-column-inner su-u-clearfix su-u-trim\"><div class=\"su-service\"><div class=\"su-service-title\" style=\"padding-left:44px;min-height:30px;line-height:30px\"><img loading=\"lazy\" decoding=\"async\" src=\"http:\/\/xn--machine--caf-59a4k.com\/wp-content\/uploads\/2019\/05\/coche.png\" width=\"30\" height=\"30\" alt=\"Robuste\" style=\"width:30px;height:30px\" \/> Robuste<\/div><div class=\"su-service-content su-u-clearfix su-u-trim\" style=\"padding-left:44px\"><\/p>\n<p><\/div><\/div><\/div><\/div><div class=\"su-column su-column-size-1-3\"><div class=\"su-column-inner su-u-clearfix su-u-trim\"><div class=\"su-service\"><div class=\"su-service-title\" style=\"padding-left:44px;min-height:30px;line-height:30px\"><img loading=\"lazy\" decoding=\"async\" src=\"http:\/\/xn--machine--caf-59a4k.com\/wp-content\/uploads\/2019\/05\/coche.png\" width=\"30\" height=\"30\" alt=\"Fiable\" style=\"width:30px;height:30px\" \/> Fiable<\/div><div class=\"su-service-content su-u-clearfix su-u-trim\" style=\"padding-left:44px\"><\/div><\/div><\/div><\/div><\/p>\n<p><\/div>\n<div class=\"su-row\"><div class=\"su-column su-column-size-1-3\"><div class=\"su-column-inner su-u-clearfix su-u-trim\"><div class=\"su-service\"><div class=\"su-service-title\" style=\"padding-left:44px;min-height:30px;line-height:30px\"><img loading=\"lazy\" decoding=\"async\" src=\"http:\/\/xn--machine--caf-59a4k.com\/wp-content\/uploads\/2019\/05\/coche.png\" width=\"30\" height=\"30\" alt=\"Utilisation Facile\" style=\"width:30px;height:30px\" \/> Utilisation Facile<\/div><div class=\"su-service-content su-u-clearfix su-u-trim\" style=\"padding-left:44px\"><\/p>\n<p><\/div><\/div><\/div><\/div><div class=\"su-column su-column-size-1-3\"><div class=\"su-column-inner su-u-clearfix su-u-trim\"><div class=\"su-service\"><div class=\"su-service-title\" style=\"padding-left:44px;min-height:30px;line-height:30px\"><img loading=\"lazy\" decoding=\"async\" src=\"http:\/\/xn--machine--caf-59a4k.com\/wp-content\/uploads\/2019\/05\/coche.png\" width=\"30\" height=\"30\" alt=\"Entretien facile\" style=\"width:30px;height:30px\" \/> Entretien facile<\/div><div class=\"su-service-content su-u-clearfix su-u-trim\" style=\"padding-left:44px\"><\/p>\n<p><\/div><\/div><\/div><\/div><div class=\"su-column su-column-size-1-3\"><div class=\"su-column-inner su-u-clearfix su-u-trim\"><div class=\"su-service\"><div class=\"su-service-title\" style=\"padding-left:44px;min-height:30px;line-height:30px\"><img loading=\"lazy\" decoding=\"async\" src=\"http:\/\/xn--machine--caf-59a4k.com\/wp-content\/uploads\/2019\/05\/coche.png\" width=\"30\" height=\"30\" alt=\"Personnalisable\" style=\"width:30px;height:30px\" \/> Personnalisable<\/div><div class=\"su-service-content su-u-clearfix su-u-trim\" style=\"padding-left:44px\"><\/div><\/div><\/div><\/div><\/p>\n<p><\/div>\n<div class=\"su-row\"><div class=\"su-column su-column-size-1-3\"><div class=\"su-column-inner su-u-clearfix su-u-trim\"><div class=\"su-service\"><div class=\"su-service-title\" style=\"padding-left:44px;min-height:30px;line-height:30px\"><img loading=\"lazy\" decoding=\"async\" src=\"http:\/\/xn--machine--caf-59a4k.com\/wp-content\/uploads\/2019\/05\/coche.png\" width=\"30\" height=\"30\" alt=\"Ecran Tactile\" style=\"width:30px;height:30px\" \/> Ecran Tactile<\/div><div class=\"su-service-content su-u-clearfix su-u-trim\" style=\"padding-left:44px\"><\/p>\n<p><\/div><\/div><\/div><\/div><div class=\"su-column su-column-size-1-3\"><div class=\"su-column-inner su-u-clearfix su-u-trim\"><div class=\"su-service\"><div class=\"su-service-title\" style=\"padding-left:44px;min-height:30px;line-height:30px\"><img loading=\"lazy\" decoding=\"async\" src=\"http:\/\/xn--machine--caf-59a4k.com\/wp-content\/uploads\/2019\/05\/coche.png\" width=\"30\" height=\"30\" alt=\"Large Choix\" style=\"width:30px;height:30px\" \/> Large Choix<\/div><div class=\"su-service-content su-u-clearfix su-u-trim\" style=\"padding-left:44px\"><\/p>\n<p><\/div><\/div><\/div><\/div><div class=\"su-column su-column-size-1-3\"><div class=\"su-column-inner su-u-clearfix su-u-trim\"><div class=\"su-service\"><div class=\"su-service-title\" style=\"padding-left:44px;min-height:30px;line-height:30px\"><img loading=\"lazy\" decoding=\"async\" src=\"http:\/\/xn--machine--caf-59a4k.com\/wp-content\/uploads\/2019\/05\/coche.png\" width=\"30\" height=\"30\" alt=\"Made in Spain\" style=\"width:30px;height:30px\" \/> Made in Spain<\/div><div class=\"su-service-content su-u-clearfix su-u-trim\" style=\"padding-left:44px\"><\/div><\/div><\/div><\/div><\/p>\n<p><\/div>\n<\/div>\n<p class=\" has-medium-font-size\"><span style=\"color: #000;\">.<\/span><\/p>\n<figure class=\"wp-block-image is-resized\"><img decoding=\"async\" src=\"https:\/\/encrypted-tbn0.gstatic.com\/images?q=tbn:ANd9GcRIcOOo1Ls_P-oVjh2zwtI97-cHCaxRMOc7XvMEH2fvCWVtViv\" alt=\"\" width=\"400\" \/><\/figure>\n<div style=\"background-color: #a91101; text-align: center; border-radius: 15px; border: 5px inset black;\">\n<h2><span style=\"color: white;\">Nos Mod\u00e8les<\/span><\/h2>\n<\/div>\n<p class=\"has-medium-font-size\" style=\"text-align: center;\"><span style=\"color: #ff0000;\"><strong>Expresso, Allong\u00e9, Caf\u00e9 Cr\u00e8me, Caf\u00e9 au Lait, Cappuccino, Mokaccino, Chocolat, D\u00e9ca, Th\u00e9&#8230;<\/strong><\/span><\/p>\n<div class=\"su-row\"><div class=\"su-column su-column-size-1-3\"><div class=\"su-column-inner su-u-clearfix su-u-trim\"><br \/>\n<div class=\"su-box su-box-style-soft\" id=\"\" style=\"border-color:#cbcccc;border-radius:10px;max-width:none\"><div class=\"su-box-title\" style=\"background-color:#FEFFFF;color:#0000ff;border-top-left-radius:8px;border-top-right-radius:8px\">- Zen<\/div><div class=\"su-box-content su-u-clearfix su-u-trim\" style=\"border-bottom-left-radius:8px;border-bottom-right-radius:8px\"><\/p>\n<figure class=\"wp-block-image size-large\"><img loading=\"lazy\" decoding=\"async\" src=\"http:\/\/machine-\u00e0-caf\u00e9.com\/image\/zen.png\" alt=\"distributeur automatique\" width=\"300\" height=\"300\" \/><\/figure>\n<p style=\"text-align: left;\">\u2022 Jusqu&rsquo;\u00e0 12 S\u00e9lections<br \/>\n\u2022 320 Gobelets Automatiques<br \/>\n\u2022 Ecran Tactile<br \/>\n\u2022 Percolateur 14 gr<br \/>\n\u2022 Caf\u00e9 Grain, Caf\u00e9 Soluble, Chocolat, Lait, Th\u00e9&#8230;<br \/>\n\u2022 Application Mobile<br \/>\n\u2022 lxPxH : 48 x 59 x 78 cm<\/p>\n<h2 style=\"padding: 0px;\"><a href=\"http:\/\/distri-kahwa.ma\/pdf\/zen.pdf\" target=\"_blank\" rel=\"noopener noreferrer\"><button class=\"btn1\">Fiche Technique<\/button> <\/a><\/h2>\n<p><\/div><\/div><br \/>\n<\/div><\/div><br \/>\n<div class=\"su-column su-column-size-1-3\"><div class=\"su-column-inner su-u-clearfix su-u-trim\"><br \/>\n<div class=\"su-box su-box-style-soft\" id=\"\" style=\"border-color:#cbcccc;border-radius:10px;max-width:none\"><div class=\"su-box-title\" style=\"background-color:#FEFFFF;color:#0000ff;border-top-left-radius:8px;border-top-right-radius:8px\">- Zintro<\/div><div class=\"su-box-content su-u-clearfix su-u-trim\" style=\"border-bottom-left-radius:8px;border-bottom-right-radius:8px\"><\/p>\n<p>&nbsp;<\/p>\n<figure class=\"wp-block-image size-large\"><img loading=\"lazy\" decoding=\"async\" src=\"http:\/\/machine-\u00e0-caf\u00e9.com\/image\/zintro.jpg\" alt=\"distributeur automatique boisson froide\" width=\"300\" height=\"300\" \/><\/figure>\n<p style=\"text-align: left;\">\u2022 Jusqu&rsquo;\u00e0 12 s\u00e9lections<br \/>\n\u2022 500 Gobelets Automatiques<br \/>\n\u2022 Ecran Tactile<br \/>\n\u2022 Percolateur 14 gr<br \/>\n\u2022 Caf\u00e9 Grain, Caf\u00e9 Soluble, Chocolat, Lait, Th\u00e9&#8230;<br \/>\n\u2022 Application Mobile<br \/>\n\u2022 lxPxH : 48 x 59 x 162 cm<\/p>\n<h2 style=\"padding: 0px;\"><a href=\"http:\/\/distri-kahwa.ma\/pdf\/zintro.pdf\" target=\"_blank\" rel=\"noopener noreferrer\"><button class=\"btn1\">Fiche Technique<\/button> <\/a><\/h2>\n<p><\/div><\/div><br \/>\n<\/div><\/div><br \/>\n<div class=\"su-column su-column-size-1-3\"><div class=\"su-column-inner su-u-clearfix su-u-trim\"><br \/>\n<div class=\"su-box su-box-style-soft\" id=\"\" style=\"border-color:#cbcccc;border-radius:10px;max-width:none\"><div class=\"su-box-title\" style=\"background-color:#FEFFFF;color:#0000ff;border-top-left-radius:8px;border-top-right-radius:8px\">- Zensia<\/div><div class=\"su-box-content su-u-clearfix su-u-trim\" style=\"border-bottom-left-radius:8px;border-bottom-right-radius:8px\"><\/p>\n<p>&nbsp;<\/p>\n<figure class=\"wp-block-image size-large\"><img loading=\"lazy\" decoding=\"async\" src=\"http:\/\/machine-\u00e0-caf\u00e9.com\/image\/ZENSIA.jpg\" alt=\"distributeur automatique boisson fraiche\" width=\"300\" height=\"300\" \/><\/figure>\n<p style=\"text-align: left;\">\u2022 Jusqu&rsquo;\u00e0 20 S\u00e9lections<br \/>\n\u2022 700 Gobelets Automatiques<br \/>\n\u2022 Ecran Tactile<br \/>\n\u2022 Percolateur 14 gr<br \/>\n\u2022 Caf\u00e9 Grain, Caf\u00e9 Soluble, Chocolat, Lait, Th\u00e9&#8230;<br \/>\n\u2022 Application Mobile<br \/>\n\u2022 lxPxH : 60 x 63 x 183 cm<\/p>\n<h2 style=\"padding: 0px;\"><a href=\"http:\/\/distri-kahwa.ma\/pdf\/zensia.pdf\" target=\"_blank\" rel=\"noopener noreferrer\"><button class=\"btn1\">Fiche Technique<\/button><\/a><\/h2>\n<p><\/div><\/div><br \/>\n<\/div><\/div><br \/>\n<\/div>\n<p class=\"has-medium-font-size\" style=\"text-align: center;\"><span style=\"color: #000;\">.<\/span><\/p>\n<figure class=\"wp-block-image is-resized\"><img decoding=\"async\" src=\"https:\/\/encrypted-tbn0.gstatic.com\/images?q=tbn:ANd9GcRIcOOo1Ls_P-oVjh2zwtI97-cHCaxRMOc7XvMEH2fvCWVtViv\" alt=\"\" width=\"400\" \/><\/figure>\n<div style=\"background-color: #a91101; text-align: center; border-radius: 15px; border: 5px inset black;\">\n<h2><span style=\"color: white;\">Egalement Disponible<\/span><\/h2>\n<\/div>\n<p class=\"has-medium-font-size\" style=\"text-align: center;\"><span style=\"color: #ff0000;\"><strong>Machine \u00e0 Caf\u00e9, Cafeti\u00e8re, Percolateur, Thermos Inox, Chauffe Eau&#8230;<\/strong><\/span><\/p>\n\n<div style=\"background-color: #a91101; text-align: center; border-radius: 15px; border: 5px inset black;\">\n<h2><a href=\"#Prix-distributeur-automatique\"><span style=\"color: white; font-size: 26px;\">Achat Distributeur Automatique Boissons Chaudes <\/span><\/a><\/h2>\n<\/div>\n<div style=\"background-color: #a91101; text-align: center; border-radius: 15px; border: 5px inset black;\">\n<h2><span style=\"color: white; font-size: 26px;\">O6.43.33.86.56<\/span><\/h2>\n<\/div>\n<div style=\"background-color: #a91101; text-align: center; border-radius: 15px; border: 5px inset black;\">\n<h2><a id=\"Prix-distributeur-automatique\" style=\"text-decoration: none;\"><\/a><span style=\"color: white; font-size: 26px;\">Demande de Devis Distributeur Automatique de caf\u00e9 <\/span><\/h2>\n<\/div>\n<p class=\"has-medium-font-size\" style=\"text-align: center;\"><span style=\"color: #000;\"><strong>.<\/strong><\/span><\/p>\n<p class=\"wpcf7-contact-form-not-found\"><strong>Erreur\u00a0:<\/strong> Formulaire de contact non trouv\u00e9\u00a0!<\/p>\n<\/div>\n","protected":false},"excerpt":{"rendered":"<p>&nbsp; Distributeur Automatique Caf\u00e9 et Boisson Chaude &nbsp; Hotel Restaurant Bureau Soci\u00e9t\u00e9 Nos Atouts . Nos Mod\u00e8les Expresso, Allong\u00e9, Caf\u00e9 Cr\u00e8me, Caf\u00e9 au Lait, Cappuccino, Mokaccino, Chocolat, D\u00e9ca, Th\u00e9&#8230; .<\/p>\n","protected":false},"author":2,"featured_media":0,"parent":0,"menu_order":0,"comment_status":"closed","ping_status":"open","template":"","meta":{"pagelayer_contact_templates":[],"_pagelayer_content":"","footnotes":""},"class_list":{"1":"page","2":"type-page","3":"status-publish","4":"hentry"},"_links":{"self":[{"href":"https:\/\/all-the-products.com\/video\/wp-json\/wp\/v2\/pages\/2","targetHints":{"allow":["GET"]}}],"collection":[{"href":"https:\/\/all-the-products.com\/video\/wp-json\/wp\/v2\/pages"}],"about":[{"href":"https:\/\/all-the-products.com\/video\/wp-json\/wp\/v2\/types\/page"}],"author":[{"embeddable":true,"href":"https:\/\/all-the-products.com\/video\/wp-json\/wp\/v2\/users\/2"}],"replies":[{"embeddable":true,"href":"https:\/\/all-the-products.com\/video\/wp-json\/wp\/v2\/comments?post=2"}],"version-history":[{"count":5,"href":"https:\/\/all-the-products.com\/video\/wp-json\/wp\/v2\/pages\/2\/revisions"}],"predecessor-version":[{"id":17,"href":"https:\/\/all-the-products.com\/video\/wp-json\/wp\/v2\/pages\/2\/revisions\/17"}],"wp:attachment":[{"href":"https:\/\/all-the-products.com\/video\/wp-json\/wp\/v2\/media?parent=2"}],"curies":[{"name":"wp","href":"https:\/\/api.w.org\/{rel}","templated":true}]}}